{"id":6921,"date":"2017-06-12T18:13:05","date_gmt":"2017-06-12T17:13:05","guid":{"rendered":"http:\/\/www.chavinandez.com\/blog\/?page_id=6921"},"modified":"2024-01-07T17:56:10","modified_gmt":"2024-01-07T16:56:10","slug":"fotografia-aerea","status":"publish","type":"page","link":"https:\/\/www.chavinandez.com\/blog\/fotografia-aerea\/","title":{"rendered":"Filmaci\u00f3n A\u00e9rea"},"content":{"rendered":"\n<h4 class=\"wp-block-heading\" style=\"font-style:normal;font-weight:200\">La fotograf\u00eda a\u00e9rea nos ha permitido a los <strong>fot\u00f3grafos,\u00a0<\/strong>explorar nuevas posibilidades y entender la evoluci\u00f3n necesaria para competir y seguir creciendo junto a nuestros clientes. Para ello cre\u00e9 hace cinco a\u00f1os <strong><a href=\"https:\/\/aereous.com\/\" target=\"_blank\" rel=\"noreferrer noopener\">Aereous.com<\/a><\/strong> para diversificar y diferenciar mi trabajo de direcci\u00f3n de fotograf\u00eda con la de operadora de drones y poder aportar a mis clientes una nueva herramienta especializada para dar alcance a su mensaje.<\/h4>\n\n\n\n<figure class=\"wp-block-embed is-type-video is-provider-vimeo wp-block-embed-vimeo wp-embed-aspect-16-9 wp-has-aspect-ratio\"><div class=\"wp-block-embed__wrapper\">\n<iframe loading=\"lazy\" title=\"SHOWREEL-2023\" src=\"https:\/\/player.vimeo.com\/video\/900563944?dnt=1&amp;app_id=122963\" width=\"660\" height=\"371\" frameborder=\"0\" allow=\"autoplay; fullscreen; picture-in-picture; clipboard-write\"><\/iframe>\n<\/div><\/figure>\n\n\n\n<h1 class=\"wp-block-heading\">Agricultura, un \u00e1rea en expansi\u00f3n<\/h1>\n\n\n\n<h4 class=\"wp-block-heading\"><strong>Nos ha encantado descubrir nuevas soluciones de agricultura de precisi\u00f3n, centradas en\u00a0aprovechar la tecnolog\u00eda, y ahorrar costes siendo eficientes. Todo queda por llegar, en esas nuevas t\u00e9cnicas de observaci\u00f3n\u00a0a\u00e9rea,\u00a0filmaci\u00f3n\u00a0y\u00a0toma\u00a0de datos a trav\u00e9s de im\u00e1genes para\u00a0fotogrametr\u00eda y\u00a0ortofotograf\u00eda, mapas en 3D, Llegan cada d\u00eda aplicaciones a\u00a0tiempo real incluso (Live Map de Drone Deploy entre otras) para ver la situaci\u00f3n de los cultivos,\u00a0da\u00f1os\u00a0en\u00a0siniestros, granizo, zonas\u00a0inundables.<\/strong><\/h4>\n\n\n\n<figure class=\"wp-block-embed is-type-video is-provider-vimeo wp-block-embed-vimeo wp-embed-aspect-16-9 wp-has-aspect-ratio\"><div class=\"wp-block-embed__wrapper\">\n<iframe loading=\"lazy\" title=\"TRAILER- OFICIAL- PRESTRENO - EL PAISAJE DEL OLIVAR\" src=\"https:\/\/player.vimeo.com\/video\/605015375?dnt=1&amp;app_id=122963\" width=\"660\" height=\"371\" frameborder=\"0\" allow=\"autoplay; fullscreen; picture-in-picture; clipboard-write\"><\/iframe>\n<\/div><\/figure>\n\n\n\n<p class=\"has-text-align-left\">Un mundo lleno de posibilidades con planes de vuelo y con sistemas l\u00edderes en bigData on-line e informes r\u00e1pidos del estado de las&nbsp;plantaciones&nbsp;y&nbsp;salud vegetal, o bien informaci\u00f3n de otros problemas derivados del terreno, debidos a la nivelaci\u00f3n y estr\u00e9s h\u00eddrico. Un nuevo sector emergente que no nos queremos perder.<\/p>\n\n\n\n<p class=\"has-text-align-left\">&nbsp;<\/p>\n\n\n\n<h1 class=\"wp-block-heading\">Fotograf\u00eda a\u00e9rea y V\u00eddeo Promoci\u00f3n Tur\u00edstica<\/h1>\n\n\n\n<h5 class=\"wp-block-heading\"><em>No basta con tener la tecnolog\u00eda, o contar con los mejores medios. Hace falta m\u00e1s. La creatividad es un valor \u00fanico y el resultado depende en mucho del conocimiento del medio en el que nos movemos. Sin ello, todo pasa desapercibido. Ser un gran operador de drones no es sin\u00f3nimo de ser un buen fot\u00f3grafo o c\u00e1mara. Encontrar el equilibrio es importante.<\/em><\/h5>\n\n\n\n<figure class=\"wp-block-embed is-type-video is-provider-vimeo wp-block-embed-vimeo wp-embed-aspect-16-9 wp-has-aspect-ratio\"><div class=\"wp-block-embed__wrapper\">\n<iframe loading=\"lazy\" title=\"Campacruz, la esencia del Pirineo\" src=\"https:\/\/player.vimeo.com\/video\/302319409?dnt=1&amp;app_id=122963\" width=\"660\" height=\"371\" frameborder=\"0\" allow=\"autoplay; fullscreen; picture-in-picture; clipboard-write\"><\/iframe>\n<\/div><\/figure>\n\n\n\n<p>Combinamos la experiencia anterior profesional de m\u00e1s de diez a\u00f1os en diferentes sectores, entre ellos el tur\u00edstico o patrimonial, enfocados a la puesta en valor en el medio l\u00edder de streaming;&nbsp;<strong>YOUTUBE&nbsp;<\/strong>y con un solo cometido;<\/p>\n\n\n\n<blockquote><h4>\u201c<a href=\"https:\/\/chavinandez.photoshelter.com\/portfolio\/C0000MEE1BkP4y6M\/G00007tVylwO7Dv4\" target=\"_blank\" rel=\"noopener noreferrer\">Llegar al cliente, all\u00e1 donde est\u00e9, con el mensaje que queremos que conozca desde otra perspectiva<\/a>\u201d<\/h4><\/blockquote>\n\n\n\n<figure class=\"wp-block-embed is-type-video is-provider-vimeo wp-block-embed-vimeo wp-embed-aspect-16-9 wp-has-aspect-ratio\"><div class=\"wp-block-embed__wrapper\">\n<iframe loading=\"lazy\" title=\"SPOT REINO DE LOS MALLOS (LONG VERSION 2&#039;23&quot;)\" src=\"https:\/\/player.vimeo.com\/video\/371205787?dnt=1&amp;app_id=122963\" width=\"660\" height=\"371\" frameborder=\"0\" allow=\"autoplay; fullscreen; picture-in-picture; clipboard-write\"><\/iframe>\n<\/div><\/figure>\n\n\n\n<p>Si tienes un negocio de alguno de estos sectores, no dudes en contactar conmigo, nuestra experiencia y competitividad son factores clave para tenernos en cuenta, y seguro que llegamos a ser buenos amigos.<\/p>\n\n\n\n<h1 class=\"wp-block-heading\">Fotograf\u00eda a\u00e9rea. El V\u00eddeo corporativo en agroalimentaci\u00f3n<\/h1>\n\n\n\n<figure class=\"wp-block-embed is-type-video is-provider-youtube wp-block-embed-youtube wp-embed-aspect-16-9 wp-has-aspect-ratio\"><div class=\"wp-block-embed__wrapper\">\n<iframe loading=\"lazy\" title=\"OUR FIELDS\" width=\"660\" height=\"371\" src=\"https:\/\/www.youtube.com\/embed\/5RZ1NRGsPb8?feature=oembed\" frameborder=\"0\" allow=\"accelerometer; autoplay; clipboard-write; encrypted-media; gyroscope; picture-in-picture; web-share\" referrerpolicy=\"strict-origin-when-cross-origin\" allowfullscreen><\/iframe>\n<\/div><\/figure>\n\n\n\n<p class=\"has-text-align-left\">El uso de im\u00e1genes a\u00e9reas es un excelente aliado, combinado con la realizaci\u00f3n del v\u00eddeo corporativo.&nbsp;<a href=\"http:\/\/ww.frutaria.es\/\" target=\"_blank\" rel=\"noopener noreferrer\"><strong>Frutaria Agricultura<\/strong><\/a> es uno de los clientes que ha confiado en nosotros desde hace a\u00f1os eligiendo una <strong>fotograf\u00eda corporativa propia diferente, fresca y actual<\/strong>, a trav\u00e9s del archivo fotogr\u00e1fico de calidad de sus productos y marca en todo el mundo. Ahora incorpora gracias a la fotograf\u00eda y filmaci\u00f3n a\u00e9rea, en sus ferias, anuncios y red de contactos, a trav\u00e9s del v\u00eddeo corporativo mostrando algunos de sus key factors de los escenarios de producci\u00f3n elaboraci\u00f3n y distribuci\u00f3n de sus productos, como grupo l\u00edder europeo en toneladas de fruta exportada desde Espa\u00f1a.<\/p>\n\n\n\n<h3 class=\"wp-block-heading\"><strong>Contact@:<\/strong><\/h3>\n\n\n\n<p>Fco Javier Fern\u00e1ndez Bordonada<br \/>Director Producci\u00f3n audiovisual y Operador habilitado por AESA<\/p>\n\n\n\n<p><a rel=\"noreferrer noopener\" href=\"https:\/\/aereous.com\/\" target=\"_blank\"><strong>Aereous.com<\/strong><\/a><br \/><strong>Instagram<\/strong>: <strong><a href=\"https:\/\/www.instagram.com\/chavinandezphoto\">@chavinandezphoto<\/a><br \/>Twitter<\/strong>: <strong><a href=\"https:\/\/www.instagram.com\/chavinandez\/\">@chavinandez<\/a><\/strong><br \/><strong>chavinandez@gmail.com<\/strong><\/p>\n\n\n\n<p>M: +34 619703569<\/p>\n","protected":false},"excerpt":{"rendered":"<p>La fotograf\u00eda a\u00e9rea nos ha permitido a los fot\u00f3grafos,\u00a0explorar nuevas posibilidades y entender la evoluci\u00f3n necesaria para competir y seguir creciendo junto a nuestros clientes. Para ello cre\u00e9 hace cinco a\u00f1os Aereous.com para diversificar y diferenciar mi trabajo de direcci\u00f3n de fotograf\u00eda con la de operadora de drones y poder &#8230;<\/p>\n","protected":false},"author":1,"featured_media":0,"parent":0,"menu_order":0,"comment_status":"closed","ping_status":"closed","template":"template-landing-page.php","meta":{"footnotes":""},"class_list":["post-6921","page","type-page","status-publish","hentry","column","threecol"],"_links":{"self":[{"href":"https:\/\/www.chavinandez.com\/blog\/wp-json\/wp\/v2\/pages\/6921","targetHints":{"allow":["GET"]}}],"collection":[{"href":"https:\/\/www.chavinandez.com\/blog\/wp-json\/wp\/v2\/pages"}],"about":[{"href":"https:\/\/www.chavinandez.com\/blog\/wp-json\/wp\/v2\/types\/page"}],"author":[{"embeddable":true,"href":"https:\/\/www.chavinandez.com\/blog\/wp-json\/wp\/v2\/users\/1"}],"replies":[{"embeddable":true,"href":"https:\/\/www.chavinandez.com\/blog\/wp-json\/wp\/v2\/comments?post=6921"}],"version-history":[{"count":33,"href":"https:\/\/www.chavinandez.com\/blog\/wp-json\/wp\/v2\/pages\/6921\/revisions"}],"predecessor-version":[{"id":11622,"href":"https:\/\/www.chavinandez.com\/blog\/wp-json\/wp\/v2\/pages\/6921\/revisions\/11622"}],"wp:attachment":[{"href":"https:\/\/www.chavinandez.com\/blog\/wp-json\/wp\/v2\/media?parent=6921"}],"curies":[{"name":"wp","href":"https:\/\/api.w.org\/{rel}","templated":true}]}}