{"id":4066,"date":"2012-06-30T18:18:23","date_gmt":"2012-06-30T17:18:23","guid":{"rendered":"http:\/\/www.chavinandez.com\/blog\/?page_id=4066"},"modified":"2026-02-07T19:59:04","modified_gmt":"2026-02-07T18:59:04","slug":"diseno-publicidad-on-line","status":"publish","type":"page","link":"https:\/\/www.chavinandez.com\/blog\/diseno-publicidad-on-line\/","title":{"rendered":"Portfolio Direcci\u00f3n en fotograf\u00eda (DOP)"},"content":{"rendered":"\n<h1 class=\"wp-block-heading\"><\/h1>\n\n\n\n<figure class=\"wp-block-embed is-type-video is-provider-vimeo wp-block-embed-vimeo wp-embed-aspect-16-9 wp-has-aspect-ratio\"><div class=\"wp-block-embed__wrapper\">\n<iframe title=\"BORDONADA FILMS\" src=\"https:\/\/vimeo.com\/showcase\/11430801\/embed2\" width=660 height=371 allowfullscreen frameborder=\"0\"><\/iframe>\n<\/div><\/figure>\n\n\n\n<h1 class=\"wp-block-heading\">\u00daltimos proyectos:<\/h1>\n\n\n\n<h2 class=\"wp-block-heading\">El Paisaje del Olivar (Direcci\u00f3n, Producci\u00f3n, Distribuci\u00f3n)<\/h2>\n\n\n\n<figure class=\"wp-block-embed is-type-video is-provider-vimeo wp-block-embed-vimeo wp-embed-aspect-16-9 wp-has-aspect-ratio\"><div class=\"wp-block-embed__wrapper\">\n<iframe loading=\"lazy\" title=\"TRAILER- OFICIAL- PRESTRENO - EL PAISAJE DEL OLIVAR\" src=\"https:\/\/player.vimeo.com\/video\/605015375?dnt=1&amp;app_id=122963\" width=\"660\" height=\"371\" frameborder=\"0\" allow=\"autoplay; fullscreen; picture-in-picture; clipboard-write; encrypted-media; web-share\" referrerpolicy=\"strict-origin-when-cross-origin\"><\/iframe>\n<\/div><\/figure>\n\n\n\n<hr class=\"wp-block-separator has-alpha-channel-opacity\"\/>\n\n\n\n<h2 class=\"wp-block-heading\">Reino de los Mallos (Direcci\u00f3n, producci\u00f3n y realizaci\u00f3n)<\/h2>\n\n\n\n<figure class=\"wp-block-embed is-type-video is-provider-vimeo wp-block-embed-vimeo wp-embed-aspect-16-9 wp-has-aspect-ratio\"><div class=\"wp-block-embed__wrapper\">\n<iframe loading=\"lazy\" title=\"SPOT REINO DE LOS MALLOS (LONG VERSION 2&#039;23&quot;)\" src=\"https:\/\/player.vimeo.com\/video\/371205787?dnt=1&amp;app_id=122963\" width=\"0\" height=\"0\" frameborder=\"0\" allow=\"autoplay; fullscreen; picture-in-picture; clipboard-write; encrypted-media; web-share\" referrerpolicy=\"strict-origin-when-cross-origin\"><\/iframe>\n<\/div><\/figure>\n\n\n\n<hr class=\"wp-block-separator has-alpha-channel-opacity\"\/>\n\n\n\n<h3 class=\"wp-block-heading\"><strong>La Ferieta d&#8217;Ainsa <\/strong><strong>(Producci\u00f3n y realizaci\u00f3n)<\/strong><\/h3>\n\n\n\n<figure class=\"wp-block-embed is-type-video is-provider-vimeo wp-block-embed-vimeo wp-embed-aspect-16-9 wp-has-aspect-ratio\"><div class=\"wp-block-embed__wrapper\">\n<iframe loading=\"lazy\" title=\"LA FERIETA DE A\u00cdNSA\" src=\"https:\/\/player.vimeo.com\/video\/315133705?dnt=1&amp;app_id=122963\" width=\"660\" height=\"371\" frameborder=\"0\" allow=\"autoplay; fullscreen; picture-in-picture; clipboard-write; encrypted-media; web-share\" referrerpolicy=\"strict-origin-when-cross-origin\"><\/iframe>\n<\/div><\/figure>\n\n\n\n<hr class=\"wp-block-separator has-alpha-channel-opacity\"\/>\n\n\n\n<h3 class=\"wp-block-heading\"><strong>Los Valles Occidentales (Producci\u00f3n y realizaci\u00f3n)<\/strong><\/h3>\n\n\n\n<figure class=\"wp-block-embed is-type-video is-provider-vimeo wp-block-embed-vimeo wp-embed-aspect-16-9 wp-has-aspect-ratio\"><div class=\"wp-block-embed__wrapper\">\n<iframe loading=\"lazy\" title=\"LOS VALLES OCCIDENTALES\" src=\"https:\/\/player.vimeo.com\/video\/322438923?dnt=1&amp;app_id=122963\" width=\"660\" height=\"371\" frameborder=\"0\" allow=\"autoplay; fullscreen; picture-in-picture; clipboard-write; encrypted-media; web-share\" referrerpolicy=\"strict-origin-when-cross-origin\"><\/iframe>\n<\/div><\/figure>\n\n\n\n<hr class=\"wp-block-separator has-alpha-channel-opacity\"\/>\n\n\n\n<h3 class=\"wp-block-heading\"><strong>Ruralscape Landforms <\/strong><strong>(Producci\u00f3n y realizaci\u00f3n)<\/strong><\/h3>\n\n\n\n<figure class=\"wp-block-embed is-type-video is-provider-vimeo wp-block-embed-vimeo wp-embed-aspect-16-9 wp-has-aspect-ratio\"><div class=\"wp-block-embed__wrapper\">\n<iframe loading=\"lazy\" title=\"RURALSCAPE LANDFORMS\" src=\"https:\/\/player.vimeo.com\/video\/316868064?dnt=1&amp;app_id=122963\" width=\"660\" height=\"371\" frameborder=\"0\" allow=\"autoplay; fullscreen; picture-in-picture; clipboard-write; encrypted-media; web-share\" referrerpolicy=\"strict-origin-when-cross-origin\"><\/iframe>\n<\/div><\/figure>\n\n\n\n<hr class=\"wp-block-separator has-alpha-channel-opacity\"\/>\n\n\n\n<h3 class=\"wp-block-heading\"><strong>AGRINARSA Olive Oil (fotograf\u00eda y V\u00eddeo producci\u00f3n)<\/strong><\/h3>\n\n\n\n<figure class=\"wp-block-embed is-type-video is-provider-youtube wp-block-embed-youtube wp-embed-aspect-16-9 wp-has-aspect-ratio\"><div class=\"wp-block-embed__wrapper\">\n<iframe loading=\"lazy\" title=\"AGRINARSA OLIVE OIL\" width=\"660\" height=\"371\" src=\"https:\/\/www.youtube.com\/embed\/ZN_u91M1YHs?start=5&#038;feature=oembed\" frameborder=\"0\" allow=\"accelerometer; autoplay; clipboard-write; encrypted-media; gyroscope; picture-in-picture; web-share\" referrerpolicy=\"strict-origin-when-cross-origin\" allowfullscreen><\/iframe>\n<\/div><\/figure>\n\n\n\n<hr class=\"wp-block-separator has-alpha-channel-opacity\"\/>\n\n\n\n<h3 class=\"wp-block-heading\">Cari\u00f1ena Grape harvest 2018 <strong>(Producci\u00f3n y realizaci\u00f3n)<\/strong><\/h3>\n\n\n\n<figure class=\"wp-block-embed is-type-video is-provider-vimeo wp-block-embed-vimeo wp-embed-aspect-16-9 wp-has-aspect-ratio\"><div class=\"wp-block-embed__wrapper\">\n<iframe loading=\"lazy\" title=\"CARI\u00d1ENA GRAPE HARVEST\" src=\"https:\/\/player.vimeo.com\/video\/292473603?dnt=1&amp;app_id=122963\" width=\"660\" height=\"371\" frameborder=\"0\" allow=\"autoplay; fullscreen; picture-in-picture; clipboard-write; encrypted-media; web-share\" referrerpolicy=\"strict-origin-when-cross-origin\"><\/iframe>\n<\/div><\/figure>\n\n\n\n<hr class=\"wp-block-separator has-alpha-channel-opacity\"\/>\n\n\n\n<h3 class=\"wp-block-heading\">CAMPACRUZ Turismo rural <strong>(Direcci\u00f3n, Producci\u00f3n y realizaci\u00f3n)<\/strong><\/h3>\n\n\n\n<figure class=\"wp-block-embed is-type-video is-provider-youtube wp-block-embed-youtube wp-embed-aspect-16-9 wp-has-aspect-ratio\"><div class=\"wp-block-embed__wrapper\">\n<iframe loading=\"lazy\" title=\"Casa Rural Campacruz\" width=\"660\" height=\"371\" src=\"https:\/\/www.youtube.com\/embed\/FgJVrI-WwRU?feature=oembed\" frameborder=\"0\" allow=\"accelerometer; autoplay; clipboard-write; encrypted-media; gyroscope; picture-in-picture; web-share\" referrerpolicy=\"strict-origin-when-cross-origin\" allowfullscreen><\/iframe>\n<\/div><\/figure>\n\n\n\n<hr class=\"wp-block-separator has-alpha-channel-opacity\"\/>\n\n\n\n<h3 class=\"wp-block-heading\"><strong>SAAR<\/strong> (fotograf\u00eda corporativa e imagen de producto )<\/h3>\n\n\n\n<figure class=\"wp-block-image\"><a href=\"http:\/\/saar.es\/empresa\"><img loading=\"lazy\" decoding=\"async\" width=\"1024\" height=\"834\" src=\"https:\/\/www.chavinandez.com\/blog\/wp-content\/uploads\/2018\/05\/saar-1024x834.jpg\" alt=\"\" class=\"wp-image-7387\" srcset=\"https:\/\/www.chavinandez.com\/blog\/wp-content\/uploads\/2018\/05\/saar-1024x834.jpg 1024w, https:\/\/www.chavinandez.com\/blog\/wp-content\/uploads\/2018\/05\/saar-184x150.jpg 184w, https:\/\/www.chavinandez.com\/blog\/wp-content\/uploads\/2018\/05\/saar-368x300.jpg 368w, https:\/\/www.chavinandez.com\/blog\/wp-content\/uploads\/2018\/05\/saar-768x625.jpg 768w, https:\/\/www.chavinandez.com\/blog\/wp-content\/uploads\/2018\/05\/saar-700x570.jpg 700w, https:\/\/www.chavinandez.com\/blog\/wp-content\/uploads\/2018\/05\/saar-332x270.jpg 332w, https:\/\/www.chavinandez.com\/blog\/wp-content\/uploads\/2018\/05\/saar.jpg 1432w\" sizes=\"auto, (max-width: 1024px) 100vw, 1024px\" \/><\/a><\/figure>\n\n\n\n<hr class=\"wp-block-separator has-alpha-channel-opacity\"\/>\n\n\n\n<h3 class=\"wp-block-heading\"><strong>Frutos secos Alca\u00f1iz<\/strong> (Fotograf\u00eda corporativa y de producto, video producci\u00f3n)<\/h3>\n\n\n<p><iframe loading=\"lazy\" title=\"FRUTOS SECOS ALCA\u00d1IZ\" width=\"660\" height=\"371\" src=\"https:\/\/www.youtube.com\/embed\/-dzhz4RQReI?feature=oembed\" frameborder=\"0\" allow=\"accelerometer; autoplay; clipboard-write; encrypted-media; gyroscope; picture-in-picture; web-share\" referrerpolicy=\"strict-origin-when-cross-origin\" allowfullscreen><\/iframe><\/p>\n\n\n\n<h3 class=\"wp-block-heading\">&nbsp;<\/h3>\n\n\n\n<hr class=\"wp-block-separator has-alpha-channel-opacity\"\/>\n\n\n\n<h3 class=\"wp-block-heading\"><strong><a href=\"http:\/\/www.frutaria.com\/?lang=en\" target=\"_blank\" rel=\"noopener noreferrer\">Frutaria<\/a><\/strong>.<\/h3>\n\n\n\n<h2 class=\"wp-block-heading\">V\u00eddeo producci\u00f3n, realizaci\u00f3n a\u00e9rea Spot Our Fields <strong>(Producci\u00f3n y realizaci\u00f3n)<\/strong><\/h2>\n\n\n<p><iframe loading=\"lazy\" title=\"OUR FIELDS\" width=\"660\" height=\"371\" src=\"https:\/\/www.youtube.com\/embed\/5RZ1NRGsPb8?feature=oembed\" frameborder=\"0\" allow=\"accelerometer; autoplay; clipboard-write; encrypted-media; gyroscope; picture-in-picture; web-share\" referrerpolicy=\"strict-origin-when-cross-origin\" allowfullscreen><\/iframe><\/p>\n\n\n\n<hr class=\"wp-block-separator has-alpha-channel-opacity\"\/>\n\n\n\n<h2 class=\"wp-block-heading\">V\u00eddeo producci\u00f3n spot corporativo ferias OUR PRODUCTS <strong>(Producci\u00f3n y realizaci\u00f3n)<\/strong><\/h2>\n\n\n<p><iframe loading=\"lazy\" title=\"OUR PRODUCTS\" width=\"660\" height=\"371\" src=\"https:\/\/www.youtube.com\/embed\/0QOWd94wH5s?feature=oembed\" frameborder=\"0\" allow=\"accelerometer; autoplay; clipboard-write; encrypted-media; gyroscope; picture-in-picture; web-share\" referrerpolicy=\"strict-origin-when-cross-origin\" allowfullscreen><\/iframe><\/p>\n\n\n\n<hr class=\"wp-block-separator has-alpha-channel-opacity\"\/>\n\n\n\n<h2 class=\"wp-block-heading\">V\u00eddeo producci\u00f3n Spot corporativo FRUTARIA Group <strong>(Producci\u00f3n y realizaci\u00f3n)<\/strong><\/h2>\n\n\n<p><iframe loading=\"lazy\" title=\"FRUTARIA Spot\" width=\"660\" height=\"371\" src=\"https:\/\/www.youtube.com\/embed\/PqBOlQJ_2Ug?feature=oembed\" frameborder=\"0\" allow=\"accelerometer; autoplay; clipboard-write; encrypted-media; gyroscope; picture-in-picture; web-share\" referrerpolicy=\"strict-origin-when-cross-origin\" allowfullscreen><\/iframe><\/p>\n\n\n\n<h2 class=\"wp-block-heading\">anteriores trabajos Portfolios&nbsp;<strong><a href=\"http:\/\/www.blurb.es\/ebooks\/reader.html?e=515295#\/spread\/front\" target=\"_blank\" rel=\"noopener noreferrer\">Blurb<\/a><\/strong>&nbsp;e&nbsp;<strong><a href=\"https:\/\/itunes.apple.com\/us\/book\/id960083154\" target=\"_blank\" rel=\"noopener noreferrer\">iTunes<\/a><\/strong><\/h2>\n\n\n\n<h3 class=\"wp-block-heading\"><a href=\"http:\/\/www.blurb.es\/ebooks\/reader.html?e=515295#\/spread\/front\" target=\"_blank\" rel=\"noopener noreferrer\"><img loading=\"lazy\" decoding=\"async\" class=\"alignnone wp-image-5509 size-thumbnail\" src=\"https:\/\/www.chavinandez.com\/blog\/wp-content\/uploads\/2012\/06\/ChaviNandezPortfolio2015-134x150.jpg\" alt=\"ChaviNandezPortfolio2015\" width=\"134\" height=\"150\" srcset=\"https:\/\/www.chavinandez.com\/blog\/wp-content\/uploads\/2012\/06\/ChaviNandezPortfolio2015-134x150.jpg 134w, https:\/\/www.chavinandez.com\/blog\/wp-content\/uploads\/2012\/06\/ChaviNandezPortfolio2015-269x300.jpg 269w, https:\/\/www.chavinandez.com\/blog\/wp-content\/uploads\/2012\/06\/ChaviNandezPortfolio2015-332x371.jpg 332w, https:\/\/www.chavinandez.com\/blog\/wp-content\/uploads\/2012\/06\/ChaviNandezPortfolio2015.jpg 427w\" sizes=\"auto, (max-width: 134px) 100vw, 134px\" \/><\/a>&nbsp;<a href=\"http:\/\/www.blurb.es\/ebooks\/562713-portfolio-2015\" target=\"_blank\" rel=\"noopener noreferrer\"><img loading=\"lazy\" decoding=\"async\" class=\"alignnone wp-image-6044 size-medium\" src=\"https:\/\/www.chavinandez.com\/blog\/wp-content\/uploads\/2016\/01\/portada-237x300.jpg\" alt=\"portada\" width=\"237\" height=\"300\" srcset=\"https:\/\/www.chavinandez.com\/blog\/wp-content\/uploads\/2016\/01\/portada-237x300.jpg 237w, https:\/\/www.chavinandez.com\/blog\/wp-content\/uploads\/2016\/01\/portada-118x150.jpg 118w, https:\/\/www.chavinandez.com\/blog\/wp-content\/uploads\/2016\/01\/portada-332x421.jpg 332w, https:\/\/www.chavinandez.com\/blog\/wp-content\/uploads\/2016\/01\/portada.jpg 523w\" sizes=\"auto, (max-width: 237px) 100vw, 237px\" \/><\/a>&nbsp;<a href=\"http:\/\/www.blurb.es\/ebooks\/517890-portfolio-2013\" target=\"_blank\" rel=\"noopener noreferrer\"><img loading=\"lazy\" decoding=\"async\" class=\"alignnone wp-image-4876 size-thumbnail\" src=\"https:\/\/www.chavinandez.com\/blog\/wp-content\/uploads\/2012\/06\/portfolio-118x150.jpg\" alt=\"portfolio\" width=\"118\" height=\"150\" srcset=\"https:\/\/www.chavinandez.com\/blog\/wp-content\/uploads\/2012\/06\/portfolio-118x150.jpg 118w, https:\/\/www.chavinandez.com\/blog\/wp-content\/uploads\/2012\/06\/portfolio-236x300.jpg 236w, https:\/\/www.chavinandez.com\/blog\/wp-content\/uploads\/2012\/06\/portfolio-332x421.jpg 332w, https:\/\/www.chavinandez.com\/blog\/wp-content\/uploads\/2012\/06\/portfolio.jpg 535w\" sizes=\"auto, (max-width: 118px) 100vw, 118px\" \/><\/a><\/h3>\n\n\n\n<h1 class=\"wp-block-heading\">Principales TEM\u00c1TIC@s de trabajo<\/h1>\n\n\n\n<figure class=\"wp-block-gallery has-nested-images columns-3 is-cropped wp-block-gallery-1 is-layout-flex wp-block-gallery-is-layout-flex\">\n\n\n\n\n\n\n\n\n\n\n\n\n\n\n\n\n\n\n\n\n\n\n\n\n\n\n\n\n\n\n\n\n\n\n\n\n\n\n\n\n\n\n\n\n\n\n\n\n\n\n\n\n\n\n\n\n\n\n\n\n\n\n\n\n\n\n\n\n\n\n\n\n\n\n\n\n\n\n\n\n\n\n\n<\/figure>\n\n\n\n<p><strong>Contacto<\/strong>: <a href=\"mailto:chavinandez@gmail.com\" target=\"_blank\" rel=\"noopener noreferrer\">chavinandez@gmail.com<\/a><br \/><strong>Mov<\/strong>: +34 619703569<\/p>\n","protected":false},"excerpt":{"rendered":"<p>\u00daltimos proyectos: El Paisaje del Olivar (Direcci\u00f3n, Producci\u00f3n, Distribuci\u00f3n) Reino de los Mallos (Direcci\u00f3n, producci\u00f3n y realizaci\u00f3n) La Ferieta d&#8217;Ainsa (Producci\u00f3n y realizaci\u00f3n) Los Valles Occidentales (Producci\u00f3n y realizaci\u00f3n) Ruralscape Landforms (Producci\u00f3n y realizaci\u00f3n) AGRINARSA Olive Oil (fotograf\u00eda y V\u00eddeo producci\u00f3n) Cari\u00f1ena Grape harvest 2018 (Producci\u00f3n y realizaci\u00f3n) CAMPACRUZ Turismo &#8230;<\/p>\n","protected":false},"author":1,"featured_media":0,"parent":0,"menu_order":0,"comment_status":"open","ping_status":"closed","template":"","meta":{"footnotes":""},"class_list":["post-4066","page","type-page","status-publish","hentry","column","threecol"],"_links":{"self":[{"href":"https:\/\/www.chavinandez.com\/blog\/wp-json\/wp\/v2\/pages\/4066","targetHints":{"allow":["GET"]}}],"collection":[{"href":"https:\/\/www.chavinandez.com\/blog\/wp-json\/wp\/v2\/pages"}],"about":[{"href":"https:\/\/www.chavinandez.com\/blog\/wp-json\/wp\/v2\/types\/page"}],"author":[{"embeddable":true,"href":"https:\/\/www.chavinandez.com\/blog\/wp-json\/wp\/v2\/users\/1"}],"replies":[{"embeddable":true,"href":"https:\/\/www.chavinandez.com\/blog\/wp-json\/wp\/v2\/comments?post=4066"}],"version-history":[{"count":54,"href":"https:\/\/www.chavinandez.com\/blog\/wp-json\/wp\/v2\/pages\/4066\/revisions"}],"predecessor-version":[{"id":12585,"href":"https:\/\/www.chavinandez.com\/blog\/wp-json\/wp\/v2\/pages\/4066\/revisions\/12585"}],"wp:attachment":[{"href":"https:\/\/www.chavinandez.com\/blog\/wp-json\/wp\/v2\/media?parent=4066"}],"curies":[{"name":"wp","href":"https:\/\/api.w.org\/{rel}","templated":true}]}}